{"id":3893,"date":"2025-10-04T23:53:49","date_gmt":"2025-10-04T23:53:49","guid":{"rendered":"https:\/\/cotocableinc.com\/?post_type=product&#038;p=3893"},"modified":"2025-10-20T04:17:30","modified_gmt":"2025-10-20T04:17:30","slug":"tipo-21-1-1-2","status":"publish","type":"product","link":"https:\/\/cotocableinc.com\/es\/producto\/tipo-21-1-1-2\/","title":{"rendered":"Mechanical Seal Type 21"},"content":{"rendered":"","protected":false},"excerpt":{"rendered":"<p><strong>TYPE 21 SEAL<\/strong><br \/>\nUn sello simple y vers\u00e1til con amplias aplicaciones industriales. Se utiliza para sellar fluidos limpios y abrasivos (agua limpia, bombas de alimentaci\u00f3n de calderas, agua de riego, miner\u00eda, etc.) con la selecci\u00f3n adecuada de caras (carbono, silicio, tungsteno) y elast\u00f3meros (Buna\u00ae, Viton\u00ae, EPDM).<br \/>\n<strong>MATERIALES<\/strong><br \/>\nPIEZAS MET\u00c1LICAS: AISI 304<br \/>\nCARA GIRATORIA: Carbono, silicio, tungsteno<br \/>\nASIENTO FIJO: Cer\u00e1mica, silicio, tungsteno<\/p>\n<p>ELAST\u00d3MEROS: Nitrilo, Buna\u00ae, Viton\u00ae, EPDM<\/p>\n<p>Different measurements consult technical sheet<br \/>\nMUELLES: AISI 302<\/p>","protected":false},"featured_media":4588,"comment_status":"open","ping_status":"closed","template":"","meta":{"_acf_changed":false},"product_brand":[],"product_cat":[27,47],"product_tag":[],"class_list":{"0":"post-3893","1":"product","2":"type-product","3":"status-publish","4":"has-post-thumbnail","6":"product_cat-mechanical-seals","7":"product_cat-type-21","9":"first","10":"instock","11":"shipping-taxable","12":"product-type-simple"},"acf":[],"aioseo_notices":[],"_links":{"self":[{"href":"https:\/\/cotocableinc.com\/es\/wp-json\/wp\/v2\/product\/3893","targetHints":{"allow":["GET"]}}],"collection":[{"href":"https:\/\/cotocableinc.com\/es\/wp-json\/wp\/v2\/product"}],"about":[{"href":"https:\/\/cotocableinc.com\/es\/wp-json\/wp\/v2\/types\/product"}],"replies":[{"embeddable":true,"href":"https:\/\/cotocableinc.com\/es\/wp-json\/wp\/v2\/comments?post=3893"}],"wp:featuredmedia":[{"embeddable":true,"href":"https:\/\/cotocableinc.com\/es\/wp-json\/wp\/v2\/media\/4588"}],"wp:attachment":[{"href":"https:\/\/cotocableinc.com\/es\/wp-json\/wp\/v2\/media?parent=3893"}],"wp:term":[{"taxonomy":"product_brand","embeddable":true,"href":"https:\/\/cotocableinc.com\/es\/wp-json\/wp\/v2\/product_brand?post=3893"},{"taxonomy":"product_cat","embeddable":true,"href":"https:\/\/cotocableinc.com\/es\/wp-json\/wp\/v2\/product_cat?post=3893"},{"taxonomy":"product_tag","embeddable":true,"href":"https:\/\/cotocableinc.com\/es\/wp-json\/wp\/v2\/product_tag?post=3893"}],"curies":[{"name":"wp","href":"https:\/\/api.w.org\/{rel}","templated":true}]}}