{"id":4732,"date":"2025-10-19T14:52:00","date_gmt":"2025-10-19T14:52:00","guid":{"rendered":"https:\/\/cotocableinc.com\/?post_type=product&#038;p=4732"},"modified":"2025-10-19T14:52:00","modified_gmt":"2025-10-19T14:52:00","slug":"terminal-board-ref-2c44","status":"publish","type":"product","link":"https:\/\/cotocableinc.com\/es\/producto\/terminal-board-ref-2c44\/","title":{"rendered":"TERMINAL BOARD REF. 2C44"},"content":{"rendered":"","protected":false},"excerpt":{"rendered":"<pre>Bloque de terminales industriales de alta resistencia construido con una base cer\u00e1mica aislante y componentes de lat\u00f3n pulido, dise\u00f1ado para garantizar una conexi\u00f3n el\u00e9ctrica segura, estable y duradera en aplicaciones industriales de alta temperatura.<\/pre>","protected":false},"featured_media":4733,"comment_status":"open","ping_status":"closed","template":"","meta":{"_acf_changed":false},"product_brand":[],"product_cat":[45],"product_tag":[],"class_list":{"0":"post-4732","1":"product","2":"type-product","3":"status-publish","4":"has-post-thumbnail","6":"product_cat-terminal-block","8":"first","9":"instock","10":"shipping-taxable","11":"product-type-simple"},"acf":[],"aioseo_notices":[],"_links":{"self":[{"href":"https:\/\/cotocableinc.com\/es\/wp-json\/wp\/v2\/product\/4732","targetHints":{"allow":["GET"]}}],"collection":[{"href":"https:\/\/cotocableinc.com\/es\/wp-json\/wp\/v2\/product"}],"about":[{"href":"https:\/\/cotocableinc.com\/es\/wp-json\/wp\/v2\/types\/product"}],"replies":[{"embeddable":true,"href":"https:\/\/cotocableinc.com\/es\/wp-json\/wp\/v2\/comments?post=4732"}],"wp:featuredmedia":[{"embeddable":true,"href":"https:\/\/cotocableinc.com\/es\/wp-json\/wp\/v2\/media\/4733"}],"wp:attachment":[{"href":"https:\/\/cotocableinc.com\/es\/wp-json\/wp\/v2\/media?parent=4732"}],"wp:term":[{"taxonomy":"product_brand","embeddable":true,"href":"https:\/\/cotocableinc.com\/es\/wp-json\/wp\/v2\/product_brand?post=4732"},{"taxonomy":"product_cat","embeddable":true,"href":"https:\/\/cotocableinc.com\/es\/wp-json\/wp\/v2\/product_cat?post=4732"},{"taxonomy":"product_tag","embeddable":true,"href":"https:\/\/cotocableinc.com\/es\/wp-json\/wp\/v2\/product_tag?post=4732"}],"curies":[{"name":"wp","href":"https:\/\/api.w.org\/{rel}","templated":true}]}}