{"id":4738,"date":"2025-10-19T14:54:36","date_gmt":"2025-10-19T14:54:36","guid":{"rendered":"https:\/\/cotocableinc.com\/?post_type=product&#038;p=4738"},"modified":"2025-10-20T13:56:01","modified_gmt":"2025-10-20T13:56:01","slug":"terminal-board-ref-33b","status":"publish","type":"product","link":"https:\/\/cotocableinc.com\/es\/producto\/terminal-board-ref-33b\/","title":{"rendered":"TERMINAL BOARD OR BLOCK"},"content":{"rendered":"","protected":false},"excerpt":{"rendered":"<h4>Bornera industrial de alta resistencia fabricada con base cer\u00e1mica aislante y componentes de lat\u00f3n pulido, dise\u00f1ada para garantizar una conexi\u00f3n el\u00e9ctrica segura, estable y duradera en aplicaciones industriales de alta temperatura.\nVER TODAS LAS MEDIDAS EN LA FICHA T\u00c9CNICA<\/h4>","protected":false},"featured_media":4711,"comment_status":"open","ping_status":"closed","template":"","meta":{"_acf_changed":false},"product_brand":[],"product_cat":[45],"product_tag":[],"class_list":{"0":"post-4738","1":"product","2":"type-product","3":"status-publish","4":"has-post-thumbnail","6":"product_cat-terminal-block","8":"first","9":"instock","10":"shipping-taxable","11":"product-type-simple"},"acf":[],"aioseo_notices":[],"_links":{"self":[{"href":"https:\/\/cotocableinc.com\/es\/wp-json\/wp\/v2\/product\/4738","targetHints":{"allow":["GET"]}}],"collection":[{"href":"https:\/\/cotocableinc.com\/es\/wp-json\/wp\/v2\/product"}],"about":[{"href":"https:\/\/cotocableinc.com\/es\/wp-json\/wp\/v2\/types\/product"}],"replies":[{"embeddable":true,"href":"https:\/\/cotocableinc.com\/es\/wp-json\/wp\/v2\/comments?post=4738"}],"wp:featuredmedia":[{"embeddable":true,"href":"https:\/\/cotocableinc.com\/es\/wp-json\/wp\/v2\/media\/4711"}],"wp:attachment":[{"href":"https:\/\/cotocableinc.com\/es\/wp-json\/wp\/v2\/media?parent=4738"}],"wp:term":[{"taxonomy":"product_brand","embeddable":true,"href":"https:\/\/cotocableinc.com\/es\/wp-json\/wp\/v2\/product_brand?post=4738"},{"taxonomy":"product_cat","embeddable":true,"href":"https:\/\/cotocableinc.com\/es\/wp-json\/wp\/v2\/product_cat?post=4738"},{"taxonomy":"product_tag","embeddable":true,"href":"https:\/\/cotocableinc.com\/es\/wp-json\/wp\/v2\/product_tag?post=4738"}],"curies":[{"name":"wp","href":"https:\/\/api.w.org\/{rel}","templated":true}]}}